{"id":42,"date":"2022-11-22T11:38:03","date_gmt":"2022-11-22T10:38:03","guid":{"rendered":"http:\/\/flo.ippez.pl\/?page_id=42"},"modified":"2023-04-26T11:01:56","modified_gmt":"2023-04-26T09:01:56","slug":"eksperci","status":"publish","type":"page","link":"https:\/\/flo.ippez.pl\/index.php\/eksperci\/","title":{"rendered":"EKSPERCI"},"content":{"rendered":"\n<div class=\"wp-block-media-text alignwide is-stacked-on-mobile\"><figure class=\"wp-block-media-text__media\"><img loading=\"lazy\" decoding=\"async\" width=\"300\" height=\"300\" src=\"http:\/\/flo.ippez.pl\/wp-content\/uploads\/2023\/04\/wylezol-300x300-1.png\" alt=\"\" class=\"wp-image-175 size-full\" srcset=\"https:\/\/flo.ippez.pl\/wp-content\/uploads\/2023\/04\/wylezol-300x300-1.png 300w, https:\/\/flo.ippez.pl\/wp-content\/uploads\/2023\/04\/wylezol-300x300-1-150x150.png 150w\" sizes=\"auto, (max-width: 300px) 100vw, 300px\" \/><\/figure><div class=\"wp-block-media-text__content\">\n<p><strong>Prof. Mariusz Wyle\u017co\u0142<\/strong><\/p>\n\n\n\n<p>Specjalista chirurg, od 30 lat zajmuje si\u0119 leczeniem chorych na oty\u0142o\u015b\u0107, posiada specjalizacj\u0119 europejsk\u0105 w zakresie leczenia oty\u0142o\u015bci SCOPE, w 1998 roku wprowadzi\u0142 w Polsce technik\u0119 laparoskopow\u0105 do chirurgii bariatrycznej, Wiceprezes Polskiego Towarzystwa Leczenia Oty\u0142o\u015bci, Przewodnicz\u0105cy Sekcji Chirurgii Metabolicznej i Bariatrycznej Towarzystwa Chirurg\u00f3w Polskich w latach 2008 \u2013 2013, Cz\u0142onek Zarz\u0105du G\u0142\u00f3wnego Mi\u0119dzynarodowego Towarzystwa Chirurgicznego Leczenia Oty\u0142o\u015bci (IFSO) jako Przedstawiciel&nbsp; Europy w latach 2010 \u2013 2012, Cz\u0142onek Rady Redakcyjnej w czasopi\u015bmie Obesity Surgery (Associate Editor), Kierownik Warszawskiego Centrum Kompleksowego Leczenia Oty\u0142o\u015bci i Zast\u0119pca Ordynatora Oddzia\u0142u Chirurgicznego w Szpitalu Czerniakowskim w Warszawie.<\/p>\n<\/div><\/div>\n\n\n\n<blockquote class=\"wp-block-quote is-layout-flow wp-block-quote-is-layout-flow\">\n<p>Choroba oty\u0142o\u015bciowa to jedno z najpowa\u017cniejszych wyzwa\u0144 zdrowotnych wsp\u00f3\u0142czesnego \u015bwiata ze wzgl\u0119du na zagro\u017cenie dla zdrowia i \u017cycia, kt\u00f3re ze sob\u0105 niesie.<\/p>\n\n\n\n<p>Dzi\u0119ki osi\u0105gni\u0119ciom nauk medycznych mo\u017cemy t\u0105 chorob\u0119 skutecznie leczy\u0107 w dzisiejszych czasach u wielu chorych<\/p>\n<\/blockquote>\n\n\n\n<div style=\"height:100px\" aria-hidden=\"true\" class=\"wp-block-spacer\"><\/div>\n\n\n\n<div class=\"wp-block-media-text alignwide is-stacked-on-mobile\"><figure class=\"wp-block-media-text__media\"><img loading=\"lazy\" decoding=\"async\" width=\"724\" height=\"784\" src=\"http:\/\/flo.ippez.pl\/wp-content\/uploads\/2023\/04\/Wojciech-Kukwa-2022.jpg\" alt=\"\" class=\"wp-image-144 size-full\" srcset=\"https:\/\/flo.ippez.pl\/wp-content\/uploads\/2023\/04\/Wojciech-Kukwa-2022.jpg 724w, https:\/\/flo.ippez.pl\/wp-content\/uploads\/2023\/04\/Wojciech-Kukwa-2022-277x300.jpg 277w\" sizes=\"auto, (max-width: 724px) 100vw, 724px\" \/><\/figure><div class=\"wp-block-media-text__content\">\n<p><strong>Dr hab. n. med. Wojciech Kukwa<\/strong><\/p>\n\n\n\n<p>Kierownik Kliniki Otorynolaryngologii Wydzia\u0142u Lekarsko-Stomatologicznego Warszawskiego Uniwersytetu Medycznego w Szpitalu Czerniakowskim w Warszawie<\/p>\n\n\n\n<p>Dr hab. n. med. Wojciech Kukwa uzyska\u0142 tytu\u0142 specjalisty w dziedzinie otorynolaryngologii w 2009 roku. Poza prac\u0105 kliniczn\u0105 prowadzi badania naukowe dotycz\u0105ce chirurgii rekonstrukcyjnej w otolaryngologii i problematyki zaburze\u0144 oddychania podczas snu. W zakresie chirurgii rekonstrukcyjnej wraz z Zespo\u0142em, we wsp\u00f3\u0142pracy z Profesorem Davidem Howardem z Royal National Throat, Nose and Ear Hospital w Londynie i Klinik\u0105 SGGW w Warszawie przeprowadzi\u0142 badania, kt\u00f3rych wyniki mog\u0105 okaza\u0107 si\u0119 przydatne do przeprowadzenia funkcjonalnego przeszczepu krtani.<\/p>\n\n\n\n<p>Drugim w\u0105tkiem naukowym, kt\u00f3rym zajmuje si\u0119 dr Kukwa jest problematyka zaburze\u0144 oddychania podczas snu. We wsp\u00f3\u0142pracy m.in. ze&nbsp;Stanford Hospital and Clinics i University of Cincinatti realizuje badania naukowe po\u015bwi\u0119cone leczeniu chrapania i bezdech\u00f3w podczas snu u dzieci i doros\u0142ych.<\/p>\n<\/div><\/div>\n\n\n\n<blockquote class=\"wp-block-quote is-layout-flow wp-block-quote-is-layout-flow\">\n<p>&#8222;Jestem laryngologiem, zajmuj\u0119 si\u0119 przede wszystkim zaburzeniami oddychania podczas snu. Zaburzenia te s\u0105 konsekwencj\u0105 nieprawid\u0142owej dro\u017cno\u015bci g\u00f3rnych dr\u00f3g oddechowych, przede wszystkim na poziomie gard\u0142a.<\/p>\n\n\n\n<p>Obecnie coraz cz\u0119stsz\u0105 przyczyn\u0105 takich problem\u00f3w jest nadwaga i oty\u0142o\u015b\u0107. Oty\u0142o\u015b\u0107 bezpo\u015brednio przek\u0142ada si\u0119 na pogorszenie dro\u017cno\u015bci dr\u00f3g oddechowych. Zatem z mojej perspektywy oty\u0142o\u015b\u0107 to przyczyna problem\u00f3w z oddychaniem&#8221;.<\/p>\n<\/blockquote>\n\n\n\n<div style=\"height:100px\" aria-hidden=\"true\" class=\"wp-block-spacer\"><\/div>\n\n\n\n<div class=\"wp-block-media-text alignwide is-stacked-on-mobile\"><figure class=\"wp-block-media-text__media\"><img loading=\"lazy\" decoding=\"async\" width=\"713\" height=\"1024\" src=\"http:\/\/flo.ippez.pl\/wp-content\/uploads\/2023\/04\/ml22-713x1024.png\" alt=\"\" class=\"wp-image-211 size-full\" srcset=\"https:\/\/flo.ippez.pl\/wp-content\/uploads\/2023\/04\/ml22-713x1024.png 713w, https:\/\/flo.ippez.pl\/wp-content\/uploads\/2023\/04\/ml22-209x300.png 209w, https:\/\/flo.ippez.pl\/wp-content\/uploads\/2023\/04\/ml22-768x1103.png 768w, https:\/\/flo.ippez.pl\/wp-content\/uploads\/2023\/04\/ml22-1070x1536.png 1070w, https:\/\/flo.ippez.pl\/wp-content\/uploads\/2023\/04\/ml22-1426x2048.png 1426w\" sizes=\"auto, (max-width: 713px) 100vw, 713px\" \/><\/figure><div class=\"wp-block-media-text__content\">\n<p><strong>Dr Micha\u0142 Lis<\/strong><\/p>\n\n\n\n<p>Absolwent Wydzia\u0142u Lekarskiego Uniwersytetu Medycznego w \u0141odzi. W latach 2010-2012 pracowa\u0142 w Oddziale Kardiologii Szpitala Zakonu Bonifratr\u00f3w \u015awi\u0119tego Jana Bo\u017cego w \u0141odzi zdobywaj\u0105c szerokie do\u015bwiadczenie w prowadzeniu pacjent\u00f3w z bezpo\u015brednim zagro\u017ceniem \u017cycia oraz licznymi schorzeniami kardiologicznymi. <\/p>\n\n\n\n<p>Od 2012 do 2021 roku pracownik Kliniki Chor\u00f3b Wewn\u0119trznych, Endokrynologii i Diabetologii Centralnego Szpitala Klinicznego MSWiA w Warszawie. Obecnie ordynator Oddzia\u0142u Chor\u00f3b Wewn\u0119trznych z Pododdzia\u0142em Endokrynologiczno-Diabetologicznym, Pododdzia\u0142em Nefrologii i Stacj\u0105 Dializ Szpitala Czerniakowskiego w Warszawie. Specjalista chor\u00f3b wewn\u0119trznych, endokrynologii oraz diabetologii. W 2019 roku uko\u0144czy\u0142 Wydzia\u0142 Prawa Medycznego na Wydziale Prawa Uniwersytetu Jagiello\u0144skiego w Krakowie. W 2020 roku obroni\u0142 z wyr\u00f3\u017cnieniem prac\u0119 doktorsk\u0105 o temacie &#8222;Ocena st\u0119\u017cenia leptyny i adiponektyny u pacjent\u00f3w z pierwszym epizodem psychozy nieafektywnej oraz u zdrowego potomstwa chorych z rozpoznaniem schizofrenii&#8221;. Cz\u0142onek Polskiego Towarzystwa Andrologicznego. <\/p>\n\n\n\n<p>Doktor posiada certyfikat potwierdzaj\u0105cy odbycie kursu profesjonalnego leczenia nadwagi i oty\u0142o\u015bci w ramach Og\u00f3lnopolskiego Programu Certyfikacji i Akredytacji prowadzonego przez <\/p>\n\n\n\n<p>Doktor posiada certyfikat potwierdzaj\u0105cy odbycie kursu profesjonalnego leczenia nadwagi i oty\u0142o\u015bci w ramach Og\u00f3lnopolskiego Programu Certyfikacji i Akredytacji prowadzonego przez Polskie Towarzystwo Bada\u0144 nad Oty\u0142o\u015bci\u0105 (PTBO).<\/p>\n<\/div><\/div>\n\n\n\n<blockquote class=\"wp-block-quote is-layout-flow wp-block-quote-is-layout-flow\">\n<p>Oty\u0142o\u015b\u0107 to sk\u0105poobjawowa, wielonarz\u0105dowa choroba przewlek\u0142a prowadz\u0105ca w spos\u00f3b ci\u0105g\u0142y do destrukcji naszego organizmu z nast\u0119pczym ograniczeniem komfortu funkcjonowania, jak r\u00f3wnie\u017c istotnym skr\u00f3ceniem d\u0142ugo\u015bci \u017cycia pacjenta.<\/p>\n<\/blockquote>\n","protected":false},"excerpt":{"rendered":"<p>Prof. Mariusz Wyle\u017co\u0142 Specjalista chirurg, od 30 lat zajmuje si\u0119 leczeniem chorych na oty\u0142o\u015b\u0107, posiada specjalizacj\u0119 europejsk\u0105 w zakresie leczenia oty\u0142o\u015bci SCOPE, w 1998 roku wprowadzi\u0142 w Polsce technik\u0119 laparoskopow\u0105 &hellip; <\/p>\n","protected":false},"author":1,"featured_media":83,"parent":0,"menu_order":0,"comment_status":"closed","ping_status":"closed","template":"","meta":{"footnotes":""},"class_list":["post-42","page","type-page","status-publish","has-post-thumbnail","hentry","has-meta has-sticky-meta"],"_links":{"self":[{"href":"https:\/\/flo.ippez.pl\/index.php\/wp-json\/wp\/v2\/pages\/42","targetHints":{"allow":["GET"]}}],"collection":[{"href":"https:\/\/flo.ippez.pl\/index.php\/wp-json\/wp\/v2\/pages"}],"about":[{"href":"https:\/\/flo.ippez.pl\/index.php\/wp-json\/wp\/v2\/types\/page"}],"author":[{"embeddable":true,"href":"https:\/\/flo.ippez.pl\/index.php\/wp-json\/wp\/v2\/users\/1"}],"replies":[{"embeddable":true,"href":"https:\/\/flo.ippez.pl\/index.php\/wp-json\/wp\/v2\/comments?post=42"}],"version-history":[{"count":14,"href":"https:\/\/flo.ippez.pl\/index.php\/wp-json\/wp\/v2\/pages\/42\/revisions"}],"predecessor-version":[{"id":212,"href":"https:\/\/flo.ippez.pl\/index.php\/wp-json\/wp\/v2\/pages\/42\/revisions\/212"}],"wp:featuredmedia":[{"embeddable":true,"href":"https:\/\/flo.ippez.pl\/index.php\/wp-json\/wp\/v2\/media\/83"}],"wp:attachment":[{"href":"https:\/\/flo.ippez.pl\/index.php\/wp-json\/wp\/v2\/media?parent=42"}],"curies":[{"name":"wp","href":"https:\/\/api.w.org\/{rel}","templated":true}]}}