{"id":38,"date":"2022-11-22T11:36:59","date_gmt":"2022-11-22T10:36:59","guid":{"rendered":"http:\/\/flo.ippez.pl\/?page_id=38"},"modified":"2023-04-19T16:50:08","modified_gmt":"2023-04-19T14:50:08","slug":"szukam-pomocy","status":"publish","type":"page","link":"https:\/\/flo.ippez.pl\/index.php\/szukam-pomocy\/","title":{"rendered":"SZUKAM POMOCY"},"content":{"rendered":"\n<h1 class=\"wp-block-heading has-text-align-center\">KONTAKT<\/h1>\n\n\n\n<h4 class=\"wp-block-heading has-text-align-center\"><strong>KATARZYNA G\u0141OWI\u0143SKA<\/strong><\/h4>\n\n\n\n<h5 class=\"wp-block-heading has-text-align-center\">Telefon: 510 126 275<\/h5>\n\n\n\n<h5 class=\"wp-block-heading has-text-align-center\">E-mail: <a rel=\"noreferrer noopener\" href=\"mailto:katarzyna.glowinska@flo.org.pl\" target=\"_blank\">katarzyna.glowinska@flo.org.pl<\/a><\/h5>\n\n\n\n<h5 class=\"wp-block-heading has-text-align-center\">Adres do korespondencji: ul. Nieca\u0142a 13; 05-500 Piaseczno<\/h5>\n\n\n\n<p><\/p>\n\n\n\n<p><\/p>\n","protected":false},"excerpt":{"rendered":"<p>KONTAKT KATARZYNA G\u0141OWI\u0143SKA Telefon: 510 126 275 E-mail: katarzyna.glowinska@flo.org.pl Adres do korespondencji: ul. Nieca\u0142a 13; 05-500 Piaseczno<\/p>\n","protected":false},"author":1,"featured_media":83,"parent":0,"menu_order":0,"comment_status":"closed","ping_status":"closed","template":"","meta":{"footnotes":""},"class_list":["post-38","page","type-page","status-publish","has-post-thumbnail","hentry","has-meta has-sticky-meta"],"_links":{"self":[{"href":"https:\/\/flo.ippez.pl\/index.php\/wp-json\/wp\/v2\/pages\/38","targetHints":{"allow":["GET"]}}],"collection":[{"href":"https:\/\/flo.ippez.pl\/index.php\/wp-json\/wp\/v2\/pages"}],"about":[{"href":"https:\/\/flo.ippez.pl\/index.php\/wp-json\/wp\/v2\/types\/page"}],"author":[{"embeddable":true,"href":"https:\/\/flo.ippez.pl\/index.php\/wp-json\/wp\/v2\/users\/1"}],"replies":[{"embeddable":true,"href":"https:\/\/flo.ippez.pl\/index.php\/wp-json\/wp\/v2\/comments?post=38"}],"version-history":[{"count":4,"href":"https:\/\/flo.ippez.pl\/index.php\/wp-json\/wp\/v2\/pages\/38\/revisions"}],"predecessor-version":[{"id":192,"href":"https:\/\/flo.ippez.pl\/index.php\/wp-json\/wp\/v2\/pages\/38\/revisions\/192"}],"wp:featuredmedia":[{"embeddable":true,"href":"https:\/\/flo.ippez.pl\/index.php\/wp-json\/wp\/v2\/media\/83"}],"wp:attachment":[{"href":"https:\/\/flo.ippez.pl\/index.php\/wp-json\/wp\/v2\/media?parent=38"}],"curies":[{"name":"wp","href":"https:\/\/api.w.org\/{rel}","templated":true}]}}