{"id":34,"date":"2022-11-22T11:36:13","date_gmt":"2022-11-22T10:36:13","guid":{"rendered":"http:\/\/flo.ippez.pl\/?page_id=34"},"modified":"2023-04-19T16:48:57","modified_gmt":"2023-04-19T14:48:57","slug":"zarzad","status":"publish","type":"page","link":"https:\/\/flo.ippez.pl\/index.php\/zarzad\/","title":{"rendered":"ZARZ\u0104D"},"content":{"rendered":"\n<p> <\/p>\n\n\n<div class=\"wp-block-image\">\n<figure class=\"alignleft size-medium\"><img loading=\"lazy\" decoding=\"async\" width=\"276\" height=\"300\" src=\"http:\/\/flo.ippez.pl\/wp-content\/uploads\/2023\/03\/kasiatlo-276x300.jpg\" alt=\"\" class=\"wp-image-100\" srcset=\"https:\/\/flo.ippez.pl\/wp-content\/uploads\/2023\/03\/kasiatlo-276x300.jpg 276w, https:\/\/flo.ippez.pl\/wp-content\/uploads\/2023\/03\/kasiatlo-944x1024.jpg 944w, https:\/\/flo.ippez.pl\/wp-content\/uploads\/2023\/03\/kasiatlo-768x833.jpg 768w, https:\/\/flo.ippez.pl\/wp-content\/uploads\/2023\/03\/kasiatlo-1415x1536.jpg 1415w, https:\/\/flo.ippez.pl\/wp-content\/uploads\/2023\/03\/kasiatlo.jpg 1703w\" sizes=\"auto, (max-width: 276px) 100vw, 276px\" \/><\/figure>\n<\/div>\n\n\n<p><strong>Katarzyna G\u0142owi\u0144ska \u2013 <\/strong>Prezes Zarz\u0105du<\/p>\n\n\n\n<p>Nazywam si\u0119 Katarzyna G\u0142owi\u0144ska, od dzieci\u0144stwa choruj\u0119 na oty\u0142o\u015b\u0107. W wieku 11 lat moja masa cia\u0142a wynosi\u0142a ju\u017c 82kg, w doros\u0142ym \u017cyciu osi\u0105gn\u0119\u0142am wag\u0119 158kg przy wzro\u015bcie 164cm. Czy zawsze by\u0142am \u015bwiadoma tego, \u017ce choruj\u0119? Nie. O swojej chorobie dowiedzia\u0142am si\u0119 w gabinecie specjalisty, lecz\u0105cego chorob\u0119 oty\u0142o\u015bciow\u0105. Wesz\u0142am do tego gabinetu jako osoba gruba \u2013 a wysz\u0142am z niego jako osoba chora.<\/p>\n\n\n\n<p>Od ponad 4 lat prowadz\u0119 Grup\u0119 Wsparcia \u201eSt\u0119pi\u0144ska\u201d, kt\u00f3ra dzia\u0142a przy Szpitalu Czerniakowskim w Warszawie, chc\u0119 pom\u00f3c chorym funkcjonowa\u0107 i odnajdywa\u0107 si\u0119 w procesie leczenia. Chc\u0119, \u017ceby znale\u017ali wsparcie i zrozumienie. To w\u0142a\u015bnie ta Grupa sta\u0142a si\u0119 impulsem do stworzenia FLO \u2013 Fundacji na rzecz Leczenia Oty\u0142o\u015bci. U\u015bwiadomi\u0142a ona bowiem jak bardzo potrzebujemy wsparcia na naszej drodze do zdrowia, jak bardzo jeste\u015bmy osamotnieni w tej drodze, cz\u0119sto pozbawieni zrozumienia w spo\u0142ecze\u0144stwie, kt\u00f3re wymaga od nas samowyleczenia, oceniani przez pryzmat tego, \u017ce nic ze sob\u0105 nie robimy.<\/p>\n\n\n\n<p>Marz\u0119 o tym i mocno wierz\u0119 w to, \u017ce nadchodz\u0105 dla nas &#8211; chorych na oty\u0142o\u015b\u0107 &#8211; lepsze czasy, w kt\u00f3rych b\u0119dzie istnia\u0142o spo\u0142eczne przekonanie i &nbsp;\u015bwiadomo\u015b\u0107 tego, \u017ce oty\u0142o\u015b\u0107 to choroba jak ka\u017cda inna i s\u0105 dost\u0119pne metody jej leczenia.<\/p>\n","protected":false},"excerpt":{"rendered":"<p>Katarzyna G\u0142owi\u0144ska \u2013 Prezes Zarz\u0105du Nazywam si\u0119 Katarzyna G\u0142owi\u0144ska, od dzieci\u0144stwa choruj\u0119 na oty\u0142o\u015b\u0107. W wieku 11 lat moja masa cia\u0142a wynosi\u0142a ju\u017c 82kg, w doros\u0142ym \u017cyciu osi\u0105gn\u0119\u0142am wag\u0119 158kg &hellip; <\/p>\n","protected":false},"author":1,"featured_media":83,"parent":0,"menu_order":0,"comment_status":"closed","ping_status":"closed","template":"","meta":{"footnotes":""},"class_list":["post-34","page","type-page","status-publish","has-post-thumbnail","hentry","has-meta has-sticky-meta"],"_links":{"self":[{"href":"https:\/\/flo.ippez.pl\/index.php\/wp-json\/wp\/v2\/pages\/34","targetHints":{"allow":["GET"]}}],"collection":[{"href":"https:\/\/flo.ippez.pl\/index.php\/wp-json\/wp\/v2\/pages"}],"about":[{"href":"https:\/\/flo.ippez.pl\/index.php\/wp-json\/wp\/v2\/types\/page"}],"author":[{"embeddable":true,"href":"https:\/\/flo.ippez.pl\/index.php\/wp-json\/wp\/v2\/users\/1"}],"replies":[{"embeddable":true,"href":"https:\/\/flo.ippez.pl\/index.php\/wp-json\/wp\/v2\/comments?post=34"}],"version-history":[{"count":2,"href":"https:\/\/flo.ippez.pl\/index.php\/wp-json\/wp\/v2\/pages\/34\/revisions"}],"predecessor-version":[{"id":102,"href":"https:\/\/flo.ippez.pl\/index.php\/wp-json\/wp\/v2\/pages\/34\/revisions\/102"}],"wp:featuredmedia":[{"embeddable":true,"href":"https:\/\/flo.ippez.pl\/index.php\/wp-json\/wp\/v2\/media\/83"}],"wp:attachment":[{"href":"https:\/\/flo.ippez.pl\/index.php\/wp-json\/wp\/v2\/media?parent=34"}],"curies":[{"name":"wp","href":"https:\/\/api.w.org\/{rel}","templated":true}]}}