{"id":18,"date":"2022-11-22T11:22:50","date_gmt":"2022-11-22T10:22:50","guid":{"rendered":"http:\/\/flo.ippez.pl\/?page_id=18"},"modified":"2023-04-19T16:47:53","modified_gmt":"2023-04-19T14:47:53","slug":"misja","status":"publish","type":"page","link":"https:\/\/flo.ippez.pl\/index.php\/misja\/","title":{"rendered":"MISJA"},"content":{"rendered":"\n<p>Jako Organizacja chcemy zmieni\u0107 powszechn\u0105 opini\u0119 na temat os\u00f3b zmagaj\u0105cych si\u0119 z chorob\u0105 oty\u0142o\u015bciow\u0105. Chcemy t\u0119 opini\u0119 <strong>wyleczy\u0107<\/strong> z dyskryminuj\u0105cych, wielokrotnie krzywdz\u0105cych zda\u0144, kt\u00f3re nie maj\u0105 nic wsp\u00f3lnego z dost\u0119pn\u0105 <strong>wiedz\u0105 medyczn\u0105.<\/strong><\/p>\n\n\n\n<p>Chcemy edukowa\u0107 i g\u0142o\u015bno m\u00f3wi\u0107 o tym, \u017ce oty\u0142o\u015b\u0107 to choroba przewlek\u0142a ze sk\u0142onno\u015bci\u0105 do nawracania, kt\u00f3ra prowadzi do wielu powa\u017cnych powik\u0142a\u0144 zdrowotnych. Oty\u0142o\u015b\u0107 to choroba, kt\u00f3r\u0105 nale\u017cy leczy\u0107, nie odchudza\u0107.<\/p>\n","protected":false},"excerpt":{"rendered":"<p>Jako Organizacja chcemy zmieni\u0107 powszechn\u0105 opini\u0119 na temat os\u00f3b zmagaj\u0105cych si\u0119 z chorob\u0105 oty\u0142o\u015bciow\u0105. Chcemy t\u0119 opini\u0119 wyleczy\u0107 z dyskryminuj\u0105cych, wielokrotnie krzywdz\u0105cych zda\u0144, kt\u00f3re nie maj\u0105 nic wsp\u00f3lnego z dost\u0119pn\u0105 &hellip; <\/p>\n","protected":false},"author":1,"featured_media":83,"parent":0,"menu_order":0,"comment_status":"closed","ping_status":"closed","template":"","meta":{"footnotes":""},"class_list":["post-18","page","type-page","status-publish","has-post-thumbnail","hentry","has-meta has-sticky-meta"],"_links":{"self":[{"href":"https:\/\/flo.ippez.pl\/index.php\/wp-json\/wp\/v2\/pages\/18","targetHints":{"allow":["GET"]}}],"collection":[{"href":"https:\/\/flo.ippez.pl\/index.php\/wp-json\/wp\/v2\/pages"}],"about":[{"href":"https:\/\/flo.ippez.pl\/index.php\/wp-json\/wp\/v2\/types\/page"}],"author":[{"embeddable":true,"href":"https:\/\/flo.ippez.pl\/index.php\/wp-json\/wp\/v2\/users\/1"}],"replies":[{"embeddable":true,"href":"https:\/\/flo.ippez.pl\/index.php\/wp-json\/wp\/v2\/comments?post=18"}],"version-history":[{"count":2,"href":"https:\/\/flo.ippez.pl\/index.php\/wp-json\/wp\/v2\/pages\/18\/revisions"}],"predecessor-version":[{"id":98,"href":"https:\/\/flo.ippez.pl\/index.php\/wp-json\/wp\/v2\/pages\/18\/revisions\/98"}],"wp:featuredmedia":[{"embeddable":true,"href":"https:\/\/flo.ippez.pl\/index.php\/wp-json\/wp\/v2\/media\/83"}],"wp:attachment":[{"href":"https:\/\/flo.ippez.pl\/index.php\/wp-json\/wp\/v2\/media?parent=18"}],"curies":[{"name":"wp","href":"https:\/\/api.w.org\/{rel}","templated":true}]}}